{"id":14,"date":"2023-05-19T10:30:37","date_gmt":"2023-05-19T08:30:37","guid":{"rendered":"https:\/\/bipzp.powiatlubaczowski.pl\/?page_id=14"},"modified":"2023-05-19T10:44:59","modified_gmt":"2023-05-19T08:44:59","slug":"zespol-placowek","status":"publish","type":"page","link":"http:\/\/bipzp.powiatlubaczowski.pl\/","title":{"rendered":"Zesp\u00f3\u0142 Plac\u00f3wek"},"content":{"rendered":"\n<h3 class=\"wp-block-heading\">Szanowni Pa\u0144stwo!<\/h3>\n\n\n\n<p>Przedstawiamy Pa\u0144stwu Biuletyn Informacji Zespo\u0142u Plac\u00f3wek im. Jana Paw\u0142a II w Lubaczowie. Pragniemy w tym miejscu przypomnie\u0107, \u017ce jest to urz\u0119dowy publikator teleinformatyczny, sk\u0142adaj\u0105cy si\u0119 z ujednoliconego systemu stron w sieci informatycznej, na kt\u00f3rych zostaje udost\u0119pniona informacja publiczna.<\/p>\n\n\n\n<p>Jeste\u015bmy g\u0142\u0119boko przekonani, \u017ce Pa\u0144stwa uwagi przyczyni\u0105 si\u0119 do usprawnienia prac zwi\u0105zanych z budow\u0105 BIP oraz zapewnienia komfortu korzystania z biuletynu przez u\u017cytkownik\u00f3w.<\/p>\n\n\n\n<p>Wszelkie sugestie i uwagi prosimy kierowa\u0107 do redakcji Biuletynu<\/p>\n","protected":false},"excerpt":{"rendered":"<p>Szanowni Pa\u0144stwo! Przedstawiamy Pa\u0144stwu Biuletyn Informacji Zespo\u0142u Plac\u00f3wek im. Jana Paw\u0142a II w Lubaczowie. Pragniemy w tym miejscu przypomnie\u0107, \u017ce jest to urz\u0119dowy publikator teleinformatyczny, sk\u0142adaj\u0105cy si\u0119 z ujednoliconego systemu stron w sieci informatycznej, na kt\u00f3rych zostaje udost\u0119pniona informacja publiczna. Jeste\u015bmy g\u0142\u0119boko przekonani, \u017ce Pa\u0144stwa uwagi przyczyni\u0105 si\u0119 do usprawnienia prac zwi\u0105zanych z budow\u0105 BIP [&hellip;]<\/p>\n","protected":false},"author":1,"featured_media":0,"parent":0,"menu_order":0,"comment_status":"closed","ping_status":"closed","template":"","meta":{"footnotes":""},"class_list":["post-14","page","type-page","status-publish","hentry"],"_links":{"self":[{"href":"http:\/\/bipzp.powiatlubaczowski.pl\/index.php?rest_route=\/wp\/v2\/pages\/14","targetHints":{"allow":["GET"]}}],"collection":[{"href":"http:\/\/bipzp.powiatlubaczowski.pl\/index.php?rest_route=\/wp\/v2\/pages"}],"about":[{"href":"http:\/\/bipzp.powiatlubaczowski.pl\/index.php?rest_route=\/wp\/v2\/types\/page"}],"author":[{"embeddable":true,"href":"http:\/\/bipzp.powiatlubaczowski.pl\/index.php?rest_route=\/wp\/v2\/users\/1"}],"replies":[{"embeddable":true,"href":"http:\/\/bipzp.powiatlubaczowski.pl\/index.php?rest_route=%2Fwp%2Fv2%2Fcomments&post=14"}],"version-history":[{"count":2,"href":"http:\/\/bipzp.powiatlubaczowski.pl\/index.php?rest_route=\/wp\/v2\/pages\/14\/revisions"}],"predecessor-version":[{"id":41,"href":"http:\/\/bipzp.powiatlubaczowski.pl\/index.php?rest_route=\/wp\/v2\/pages\/14\/revisions\/41"}],"wp:attachment":[{"href":"http:\/\/bipzp.powiatlubaczowski.pl\/index.php?rest_route=%2Fwp%2Fv2%2Fmedia&parent=14"}],"curies":[{"name":"wp","href":"https:\/\/api.w.org\/{rel}","templated":true}]}}